{"id":3681,"date":"2018-10-17T16:39:44","date_gmt":"2018-10-17T14:39:44","guid":{"rendered":"http:\/\/www.ingemarolsson.se\/?page_id=3681"},"modified":"2024-10-31T15:25:27","modified_gmt":"2024-10-31T14:25:27","slug":"new-english-lyrics","status":"publish","type":"page","link":"https:\/\/www.ingemarolsson.se\/index.php\/new-english-lyrics\/","title":{"rendered":"New English Lyrics"},"content":{"rendered":"<h3 style=\"padding-left: 60px;\"><em><strong>You Are Invaluable<\/strong><\/em><\/h3>\n<p style=\"padding-left: 60px;\">Ingemar Olsson<\/p>\n<hr \/>\n<p style=\"padding-left: 30px;\">This is the new English translation<br \/>\nof Ingemar&#8217;s most well-known and cherished song in Swedish,<br \/>\n<span style=\"color: #ccffff;\"><em>Du vet v\u00e4l om att du \u00e4r v\u00e4rdefull<\/em><\/span><\/p>\n<hr \/>\n<p style=\"padding-left: 90px;\">I hope you know that you\u2019re invaluable<br \/>\nIt&#8217;s clear as any shining star<br \/>\nIt\u2019s not because you are infallible<br \/>\nYou\u2019re simply loved for who you are<\/p>\n<p style=\"padding-left: 90px;\">So many people may be telling you<br \/>\nYou must behave a certain way<br \/>\nJust know the love of God accepts you right away<br \/>\nAll the time, every day<\/p>\n<p style=\"padding-left: 90px;\">I hope you know \u2026<\/p>\n<p style=\"padding-left: 90px;\">It\u2019s true the world needs someone just like you<br \/>\nNo one can do the things you do<br \/>\nWith all the dreams you have and ventures to pursue<br \/>\nYou can do what\u2019s truly you<\/p>\n<p style=\"padding-left: 90px;\">I hope you know \u2026<\/p>\n<p style=\"padding-left: 90px;\">\u00a9 little beat music<\/p>\n","protected":false},"excerpt":{"rendered":"<p>You Are Invaluable Ingemar Olsson This is the new English translation of Ingemar&#8217;s most well-known and cherished song in Swedish,<\/p>\n","protected":false},"author":1,"featured_media":0,"parent":0,"menu_order":0,"comment_status":"closed","ping_status":"closed","template":"","meta":{"footnotes":""},"class_list":["post-3681","page","type-page","status-publish","hentry"],"_links":{"self":[{"href":"https:\/\/www.ingemarolsson.se\/index.php\/wp-json\/wp\/v2\/pages\/3681","targetHints":{"allow":["GET"]}}],"collection":[{"href":"https:\/\/www.ingemarolsson.se\/index.php\/wp-json\/wp\/v2\/pages"}],"about":[{"href":"https:\/\/www.ingemarolsson.se\/index.php\/wp-json\/wp\/v2\/types\/page"}],"author":[{"embeddable":true,"href":"https:\/\/www.ingemarolsson.se\/index.php\/wp-json\/wp\/v2\/users\/1"}],"replies":[{"embeddable":true,"href":"https:\/\/www.ingemarolsson.se\/index.php\/wp-json\/wp\/v2\/comments?post=3681"}],"version-history":[{"count":13,"href":"https:\/\/www.ingemarolsson.se\/index.php\/wp-json\/wp\/v2\/pages\/3681\/revisions"}],"predecessor-version":[{"id":5529,"href":"https:\/\/www.ingemarolsson.se\/index.php\/wp-json\/wp\/v2\/pages\/3681\/revisions\/5529"}],"wp:attachment":[{"href":"https:\/\/www.ingemarolsson.se\/index.php\/wp-json\/wp\/v2\/media?parent=3681"}],"curies":[{"name":"wp","href":"https:\/\/api.w.org\/{rel}","templated":true}]}}